{"id":10118,"date":"2026-04-23T19:07:46","date_gmt":"2026-04-23T19:07:46","guid":{"rendered":"https:\/\/marcahand.com\/?product=flake-christmas-ornament"},"modified":"2026-04-27T21:35:36","modified_gmt":"2026-04-27T21:35:36","slug":"flake-christmas-ornament","status":"publish","type":"product","link":"https:\/\/marcahand.com\/?product=flake-christmas-ornament","title":{"rendered":"FLAKE. Christmas ornament"},"content":{"rendered":"<p>Set of 3 plywood Christmas ornaments with different designs. As the product is made from natural materials, the colour and the printing result may vary between products. sob 85x80x2,3 mm, sn\u011bhov\u00e1 vlo\u010dka \u00f878&#215;2,3 mm, v\u00e1no\u010dn\u00ed strom 80x79x2,3 mm<\/p>\n","protected":false},"excerpt":{"rendered":"<p>Set of 3 plywood Christmas ornaments with different designs. As the product is made from natural materials, the colour and the printing result may vary between products. sob&#8230;<\/p>\n","protected":false},"featured_media":10119,"template":"","meta":{"_acf_changed":false},"product_cat":[47],"product_tag":[],"class_list":{"0":"post-10118","1":"product","2":"type-product","3":"status-publish","4":"has-post-thumbnail","6":"product_cat-christmas","8":"first","9":"instock","10":"shipping-taxable","11":"product-type-simple","swatches":"rey-swatches","show_selected":"","stretch_labels":"rey-swatches--stretch-labels"},"acf":[],"_links":{"self":[{"href":"https:\/\/marcahand.com\/index.php?rest_route=\/wp\/v2\/product\/10118","targetHints":{"allow":["GET"]}}],"collection":[{"href":"https:\/\/marcahand.com\/index.php?rest_route=\/wp\/v2\/product"}],"about":[{"href":"https:\/\/marcahand.com\/index.php?rest_route=\/wp\/v2\/types\/product"}],"wp:featuredmedia":[{"embeddable":true,"href":"https:\/\/marcahand.com\/index.php?rest_route=\/wp\/v2\/media\/10119"}],"wp:attachment":[{"href":"https:\/\/marcahand.com\/index.php?rest_route=%2Fwp%2Fv2%2Fmedia&parent=10118"}],"wp:term":[{"taxonomy":"product_cat","embeddable":true,"href":"https:\/\/marcahand.com\/index.php?rest_route=%2Fwp%2Fv2%2Fproduct_cat&post=10118"},{"taxonomy":"product_tag","embeddable":true,"href":"https:\/\/marcahand.com\/index.php?rest_route=%2Fwp%2Fv2%2Fproduct_tag&post=10118"}],"curies":[{"name":"wp","href":"https:\/\/api.w.org\/{rel}","templated":true}]}}