{"id":3613,"date":"2026-04-23T17:11:49","date_gmt":"2026-04-23T17:11:49","guid":{"rendered":"https:\/\/marcahand.com\/?product=stewie-round-round-keyring-in-beech-wood"},"modified":"2026-04-27T21:37:23","modified_gmt":"2026-04-27T21:37:23","slug":"stewie-round-round-keyring-in-beech-wood","status":"publish","type":"product","link":"https:\/\/marcahand.com\/?product=stewie-round-round-keyring-in-beech-wood","title":{"rendered":"STEWIE ROUND. Round keyring in beech wood"},"content":{"rendered":"<p>Round key ring in beech wood with iron ring. As the product is made from natural materials, the colour and the printing result may vary between products. Ring: \u00f8 32 mm | Product: \u00f8 40 x 8 mm | Connector: \u00f8 9 mm | Total: 77 x 40 mm<\/p>\n","protected":false},"excerpt":{"rendered":"<p>Round key ring in beech wood with iron ring. As the product is made from natural materials, the colour and the printing result may vary between products. Ring:&#8230;<\/p>\n","protected":false},"featured_media":3616,"template":"","meta":{"_acf_changed":false},"product_cat":[49],"product_tag":[],"class_list":{"0":"post-3613","1":"product","2":"type-product","3":"status-publish","4":"has-post-thumbnail","6":"product_cat-keyrings-and-keychains","8":"first","9":"instock","10":"shipping-taxable","11":"product-type-simple","swatches":"rey-swatches","show_selected":"","stretch_labels":"rey-swatches--stretch-labels"},"acf":[],"_links":{"self":[{"href":"https:\/\/marcahand.com\/index.php?rest_route=\/wp\/v2\/product\/3613","targetHints":{"allow":["GET"]}}],"collection":[{"href":"https:\/\/marcahand.com\/index.php?rest_route=\/wp\/v2\/product"}],"about":[{"href":"https:\/\/marcahand.com\/index.php?rest_route=\/wp\/v2\/types\/product"}],"wp:featuredmedia":[{"embeddable":true,"href":"https:\/\/marcahand.com\/index.php?rest_route=\/wp\/v2\/media\/3616"}],"wp:attachment":[{"href":"https:\/\/marcahand.com\/index.php?rest_route=%2Fwp%2Fv2%2Fmedia&parent=3613"}],"wp:term":[{"taxonomy":"product_cat","embeddable":true,"href":"https:\/\/marcahand.com\/index.php?rest_route=%2Fwp%2Fv2%2Fproduct_cat&post=3613"},{"taxonomy":"product_tag","embeddable":true,"href":"https:\/\/marcahand.com\/index.php?rest_route=%2Fwp%2Fv2%2Fproduct_tag&post=3613"}],"curies":[{"name":"wp","href":"https:\/\/api.w.org\/{rel}","templated":true}]}}